{"id":2,"date":"2025-01-09T09:34:56","date_gmt":"2025-01-09T08:34:56","guid":{"rendered":"https:\/\/www.kavoszvf.hu\/?page_id=2"},"modified":"2025-04-30T14:32:14","modified_gmt":"2025-04-30T12:32:14","slug":"ez-egy-minta-oldal","status":"publish","type":"page","link":"https:\/\/www.kavoszvf.hu\/","title":{"rendered":"R\u00d3LUNK"},"content":{"rendered":"\t\t<div data-elementor-type=\"wp-page\" data-elementor-id=\"2\" class=\"elementor elementor-2\">\n\t\t\t\t<div class=\"elementor-element elementor-element-759372e3 e-flex e-con-boxed e-con e-parent\" data-id=\"759372e3\" data-element_type=\"container\" data-e-type=\"container\">\n\t\t\t\t\t<div class=\"e-con-inner\">\n\t\t\t\t<div class=\"elementor-element elementor-element-6d591f09 elementor-widget-mobile__width-initial elementor-widget elementor-widget-text-editor\" data-id=\"6d591f09\" data-element_type=\"widget\" data-e-type=\"widget\" data-widget_type=\"text-editor.default\">\n\t\t\t\t<div class=\"elementor-widget-container\">\n\t\t\t\t\t\t\t\t\t<h1 style=\"color: #430e0f;\">Bemutatkoz\u00e1s<\/h1><p align=\"justify\"><span style=\"font-family: Arial, sans-serif;\">A KAVOSZ V\u00e1llalkoz\u00e1sfejleszt\u00e9si Zrt. 2010 elej\u00e9n j\u00f6tt l\u00e9tre, c\u00e9g\u00fcnk f\u0151 tev\u00e9kenys\u00e9ge hitel- \u00e9s p\u00e9nzk\u00f6lcs\u00f6n ny\u00fajt\u00e1sa a kisv\u00e1llalati, ezen bel\u00fcl is a mikrov\u00e1llalati \u00fcgyf\u00e9lk\u00f6r sz\u00e1m\u00e1ra, azzal az alapvet\u0151 c\u00e9llal, hogy a lehet\u0151 legt\u00f6bb, banki m\u00f3dszerekkel nem, vagy nem megfelel\u0151en finansz\u00edrozott hazai mikrov\u00e1llalkoz\u00e1s hitelhez jut\u00e1si lehet\u0151s\u00e9gein jav\u00edtson, kedvezm\u00e9nyes, Eur\u00f3pai Uni\u00f3s forr\u00e1s\u00fa t\u00e1mogatott finansz\u00edroz\u00e1si lehet\u0151s\u00e9gek biztos\u00edt\u00e1s\u00e1val.<\/span><\/p><p align=\"justify\"><span style=\"font-family: Arial, sans-serif;\">Ez \u00e1ltal a banki finansz\u00edroz\u00e1s tekintet\u00e9ben h\u00e1tr\u00e1nyosan megk\u00fcl\u00f6nb\u00f6ztetett mikrov\u00e1llalati szegmens r\u00e9sztvev\u0151inek is lehet\u0151s\u00e9get k\u00edn\u00e1lunk a fejl\u0151d\u00e9sre, mely f\u0151k\u00e9nt a jelenlegi gazdas\u00e1gi helyzetben mind a hazai, mind az uni\u00f3s piacon elengedhetetlen\u00fcl fontos.<\/span><\/p><p align=\"justify\"><span style=\"font-family: Arial, sans-serif;\">A c\u00e9g tev\u00e9kenys\u00e9g\u00e9t a Magyar Nemzeti Bank (kor\u00e1bban: P\u00e9nz\u00fcgyi Szervezetek \u00c1llami Fel\u00fcgyelete) enged\u00e9ly\u00e9nek birtok\u00e1ban v\u00e9gzi.\u00a0<\/span><\/p><p align=\"justify\"><span style=\"font-family: Arial, sans-serif;\">A KAVOSZ V\u00e1llalkoz\u00e1sfejleszt\u00e9si Zrt. tulajdonosi szerkezete a k\u00f6vetkez\u0151: <\/span><\/p><table style=\"table-layout: fixed;\" width=\"100%\" cellspacing=\"0\" cellpadding=\"0\"><tbody><tr valign=\"top\"><td width=\"\"><p align=\"justify\"><span style=\"font-family: Calibri, sans-serif;\"><span style=\"font-family: Arial, sans-serif;\">K\u00f6zvetlen tulajdonos:<\/span><\/span><\/p><\/td><td width=\"\"><p align=\"justify\"><span style=\"font-family: Calibri, sans-serif;\"><span style=\"font-family: Arial, sans-serif;\">Tulajdoni h\u00e1nyad<\/span><\/span><\/p><\/td><td width=\"\"><p align=\"justify\"><span style=\"font-family: Calibri, sans-serif;\"><span style=\"font-family: Arial, sans-serif;\">Szavazati h\u00e1nyad<\/span><\/span><\/p><\/td><td width=\"\"><p align=\"justify\"><span style=\"font-family: Calibri, sans-serif;\"><span style=\"font-family: Arial, sans-serif;\">Befoly\u00e1sol\u00f3 r\u00e9szesed\u00e9ssel rendelkezik<\/span><\/span><\/p><\/td><\/tr><tr valign=\"top\"><td width=\"\"><p align=\"justify\"><span style=\"font-family: Calibri, sans-serif;\"><span style=\"font-family: Arial, sans-serif;\">KAVOSZ Sz\u00e9chenyi K\u00e1rtya Program Z\u00e1rtk\u00f6r\u0171en M\u0171k\u00f6d\u0151 R\u00e9szv\u00e9nyt\u00e1rsas\u00e1g<\/span><\/span><\/p><\/td><td width=\"\"><p align=\"justify\"><span style=\"font-family: Calibri, sans-serif;\"><span style=\"font-family: Arial, sans-serif;\">100%<\/span><\/span><\/p><\/td><td width=\"\"><p align=\"justify\"><span style=\"font-family: Calibri, sans-serif;\"><span style=\"font-family: Arial, sans-serif;\">100%<\/span><\/span><\/p><\/td><td width=\"\"><p align=\"justify\"><span style=\"font-family: Calibri, sans-serif;\"><span style=\"font-family: Arial, sans-serif;\">igen<\/span><\/span><\/p><\/td><\/tr><\/tbody><\/table><table style=\"table-layout: fixed;\" width=\"100%\" cellspacing=\"0\" cellpadding=\"0\"><tbody><tr valign=\"top\"><td width=\"\"><p align=\"justify\"><span style=\"font-family: Calibri, sans-serif;\"><span style=\"font-family: Arial, sans-serif;\">K\u00f6zvetett tulajdonos (a KAVOSZ V\u00e1llalkoz\u00e1sfejleszt\u00e9si Zrt. -vel szoros kapcsolatban \u00e1ll\u00f3 szervezetek):<\/span><\/span><\/p><\/td><td width=\"\"><p align=\"justify\"><span style=\"font-family: Calibri, sans-serif;\"><span style=\"font-family: Arial, sans-serif;\">Tulajdoni h\u00e1nyad<\/span><\/span><\/p><\/td><td width=\"\"><p align=\"justify\"><span style=\"font-family: Calibri, sans-serif;\"><span style=\"font-family: Arial, sans-serif;\">Szavazati h\u00e1nyad<\/span><\/span><\/p><\/td><td width=\"\"><p align=\"justify\"><span style=\"font-family: Calibri, sans-serif;\"><span style=\"font-family: Arial, sans-serif;\">Befoly\u00e1sol\u00f3 r\u00e9szesed\u00e9ssel rendelkezik<\/span><\/span><\/p><\/td><\/tr><tr valign=\"top\"><td width=\"\"><p align=\"justify\"><span style=\"font-family: Calibri, sans-serif;\"><span style=\"font-family: Arial, sans-serif;\">Magyar Kereskedelmi \u00e9s Iparkamara<\/span><\/span><\/p><\/td><td width=\"\"><p align=\"justify\"><span style=\"font-family: Calibri, sans-serif;\"><span style=\"font-family: Arial, sans-serif;\">50%<\/span><\/span><\/p><\/td><td width=\"\"><p align=\"justify\"><span style=\"font-family: Calibri, sans-serif;\"><span style=\"font-family: Arial, sans-serif;\">50%<\/span><\/span><\/p><\/td><td width=\"\"><p align=\"justify\"><span style=\"font-family: Calibri, sans-serif;\"><span style=\"font-family: Arial, sans-serif;\">igen<\/span><\/span><\/p><\/td><\/tr><tr valign=\"top\"><td width=\"\"><p align=\"justify\"><span style=\"font-family: Calibri, sans-serif;\"><span style=\"font-family: Arial, sans-serif;\">V\u00e1llalkoz\u00f3k \u00e9s Munk\u00e1ltat\u00f3k Orsz\u00e1gos Sz\u00f6vets\u00e9ge<\/span><\/span><\/p><\/td><td width=\"\"><p align=\"justify\"><span style=\"font-family: Calibri, sans-serif;\"><span style=\"font-family: Arial, sans-serif;\">50%<\/span><\/span><\/p><\/td><td width=\"\"><p align=\"justify\"><span style=\"font-family: Calibri, sans-serif;\"><span style=\"font-family: Arial, sans-serif;\">50%<\/span><\/span><\/p><\/td><td width=\"\"><p align=\"justify\"><span style=\"font-family: Calibri, sans-serif;\"><span style=\"font-family: Arial, sans-serif;\">igen<\/span><\/span><\/p><\/td><\/tr><\/tbody><\/table><p align=\"justify\"><span style=\"font-family: Arial, sans-serif;\">A fenti tulajdonosi adatokra vonatkoz\u00f3 k\u00f6zz\u00e9t\u00e9teli k\u00f6telezetts\u00e9g a hitelint\u00e9zetekr\u0151l \u00e9s p\u00e9nz\u00fcgyi v\u00e1llalkoz\u00e1sokr\u00f3l sz\u00f3l\u00f3 2013. \u00e9vi CCXXXVII. t\u00f6rv\u00e9ny 122. \u00a7 (4) bekezd\u00e9s\u00e9n alapul.\u00a0<\/span><\/p><p align=\"justify\">\u00a0<\/p><hr \/><p>\u00a0<\/p><p><strong>Meg\u00fajult az igazgat\u00f3s\u00e1g a KAVOSZ V\u00e1llalkoz\u00e1sfejleszt\u00e9si Zrt.-n\u00e9l \u2013 R\u00e1tkai Tam\u00e1s lett az eln\u00f6k<\/strong><\/p><p><strong>A KAVOSZ k\u00f6zvetlen hitelez\u00e9ssel foglalkoz\u00f3 p\u00e9nz\u00fcgyi v\u00e1llalkoz\u00e1sa, a KAVOSZ V\u00e1llalkoz\u00e1sfejleszt\u00e9si Zrt. igazgat\u00f3s\u00e1ga meg\u00fajult, az \u00faj vezet\u00e9s tagjai: Radetzky Jen\u0151, Kris\u00e1n L\u00e1szl\u00f3 \u00e9s R\u00e1tkai Tam\u00e1s, akit az igazgat\u00f3tan\u00e1cs eln\u00f6k\u00e9nek v\u00e1lasztottak.<\/strong><\/p><p><strong>\u00a0<\/strong><\/p><p>A v\u00e1ltoz\u00e1s \u00faj lend\u00fcletet adhat a t\u00e1rsas\u00e1g k\u00fcldet\u00e9s\u00e9nek: a mikrov\u00e1llalkoz\u00e1sok hat\u00e9konyabb, gyorsabb \u00e9s digit\u00e1lis alap\u00fa finansz\u00edroz\u00e1s\u00e1nak.<\/p><p>R\u00e1tkai Tam\u00e1s t\u00f6bb mint h\u00fasz \u00e9ve dolgozik a p\u00e9nz\u00fcgyi szektor \u00e9lvonal\u00e1ban. Nev\u00e9hez f\u0171z\u0151dik a B\u00c1V Faktor piacvezet\u0151v\u00e9 v\u00e1l\u00e1sa, t\u00f6bb mint 570 milli\u00e1rd forintnyi finansz\u00edroz\u00e1ssal \u00e9s t\u00f6bb mint 4000 kisv\u00e1llalati \u00fcgyf\u00e9llel. A Flexibill alap\u00edt\u00f3jak\u00e9nt \u00e9s a Magyar Fintech Sz\u00f6vets\u00e9g t\u00e1rsalap\u00edt\u00f3jak\u00e9nt elk\u00f6telezett h\u00edve a p\u00e9nz\u00fcgyi innov\u00e1ci\u00f3nak, k\u00fcl\u00f6n\u00f6sen a digit\u00e1lis, integr\u00e1lt \u00e9s \u00fcgyf\u00e9lbar\u00e1t megold\u00e1soknak. Vezet\u00e9s\u00e9vel strat\u00e9giai egy\u00fcttm\u0171k\u00f6d\u00e9sek sz\u00fclettek az Erste Bankkal, a Kulcs-Softtal, valamint a Sz\u00e1ml\u00e1zz.hu-val, hogy a hazai kkv-k sz\u00e1m\u00e1ra el\u00e9rhet\u0151v\u00e9 v\u00e1ljanak a modern sz\u00e1mlafinansz\u00edroz\u00e1si eszk\u00f6z\u00f6k.<\/p><p>\u201eHiszem, hogy az innov\u00e1ci\u00f3 nem c\u00e9l, hanem eszk\u00f6z a fenntarthat\u00f3 fejl\u0151d\u00e9shez \u2013 \u00e9s ebben a szellemben \u00e9p\u00edtj\u00fck nap mint nap partnereinkkel a j\u00f6v\u0151 p\u00e9nz\u00fcgyi \u00f6kosziszt\u00e9m\u00e1j\u00e1t\u201d \u2013 fogalmaz R\u00e1tkai Tam\u00e1s, aki az \u00faj poz\u00edci\u00f3ban az \u00fcgyf\u00e9lk\u00f6zpont\u00fas\u00e1g, a gyorsas\u00e1g \u00e9s a digit\u00e1lis megold\u00e1sok ir\u00e1ny\u00e1ba k\u00edv\u00e1nja tov\u00e1bb er\u0151s\u00edteni a KAVOSZ V\u00e1llalkoz\u00e1sfejleszt\u00e9si Zrt. k\u00f6zel 15 \u00e9ves m\u0171k\u00f6d\u00e9s\u00e9t.<\/p><p>A meg\u00fajult igazgat\u00f3s\u00e1g m\u00e1sik \u00faj tagja szint\u00e9n a hazai gazdas\u00e1gi \u00e9let meghat\u00e1roz\u00f3 szerepl\u0151je. Radetzky Jen\u0151: m\u00e9rn\u00f6k, k\u00f6zgazd\u00e1sz \u00e9s v\u00e1llalkoz\u00f3, a Magyar Kereskedelmi \u00e9s Iparkamara eln\u00f6ks\u00e9gi tagja, a Fej\u00e9r V\u00e1rmegyei Kereskedelmi \u00e9s Iparkamara eln\u00f6ke, sz\u00e1mos hazai \u00e9s nemzetk\u00f6zi gazdas\u00e1gi, diplom\u00e1ciai, oktat\u00e1si \u00e9s szakmai szervezet akt\u00edv tagja. Kris\u00e1n L\u00e1szl\u00f3 a t\u00e1rsas\u00e1g \u00fcgyvezet\u0151 igazgat\u00f3jak\u00e9nt \u00e9s egyben az igazgat\u00f3s\u00e1g tagjak\u00e9nt m\u0171k\u00f6dik tov\u00e1bbra is k\u00f6zre a KAVOSZ V\u00e1llalkoz\u00e1sfejleszt\u00e9si Zrt. hitelez\u00e9si munk\u00e1j\u00e1ban.<\/p><p>Szakmai p\u00e1lyafut\u00e1sa sor\u00e1n t\u00f6bb mint k\u00e9t \u00e9vtizede vez\u00e9rigazgat\u00f3ja a KAVOSZ Zrt.-nek \u00e9s kiemelt figyelemmel dolgozik a hazai kis- \u00e9s k\u00f6z\u00e9pv\u00e1llalkoz\u00e1sok versenyk\u00e9pess\u00e9g\u00e9nek n\u00f6vel\u00e9se \u00e9rdek\u00e9ben; a KAVOSZ V\u00e1llalkoz\u00e1sfejleszt\u00e9si Zrt. eset\u00e9ben pedig a k\u00f6zvetlen v\u00e1llalkoz\u00f3i hitelez\u00e9s, \u00edgy kiemelten a Sz\u00e9chenyi K\u00e1rtya Mikrohitel forgalmaz\u00e1sa ter\u00fclet\u00e9n.<\/p><p>A KAVOSZ V\u00e1llalkoz\u00e1sfejleszt\u00e9si Zrt. 2010-ben j\u00f6tt l\u00e9tre azzal a c\u00e9llal, hogy olyan p\u00e9nz\u00fcgyi eszk\u00f6z\u00f6ket biztos\u00edtson, amelyek r\u00e9v\u00e9n a hagyom\u00e1nyos banki m\u00f3dszerekkel nem, vagy nem kell\u0151 m\u00e9rt\u00e9kben finansz\u00edrozhat\u00f3 mikrov\u00e1llalkoz\u00e1sok is hitelhez juthatnak. A t\u00e1rsas\u00e1g p\u00e9nz\u00fcgyi v\u00e1llalkoz\u00e1s, f\u0151 tev\u00e9kenys\u00e9ge a hitelez\u00e9s \u00e9s p\u00e9nzk\u00f6lcs\u00f6n ny\u00fajt\u00e1sa. A KAVOSZ V\u00e1llalkoz\u00e1sfejleszt\u00e9si Zrt. tulajdonosa a KAVOSZ Sz\u00e9chenyi K\u00e1rtya Program Zrt., ez\u00e1ltal k\u00f6zvetett tulajdonosai a Magyar Kereskedelmi \u00e9s Iparkamara, valamint a V\u00e1llalkoz\u00f3k \u00e9s Munk\u00e1ltat\u00f3k Orsz\u00e1gos Sz\u00f6vets\u00e9ge.<\/p><p>A t\u00e1rsas\u00e1g k\u00fcldet\u00e9se ma k\u00fcl\u00f6n\u00f6sen id\u0151szer\u0171: olyan id\u0151szakban, amikor a gazdas\u00e1gi k\u00f6rnyezet fokozott alkalmazkod\u00e1st \u00e9s ellen\u00e1ll\u00f3 k\u00e9pess\u00e9get k\u00edv\u00e1n, a KAVOSZ V\u00e1llalkoz\u00e1sfejleszt\u00e9si Zrt. elk\u00f6telezett abban, hogy stabil, hossz\u00fa t\u00e1von is fenntarthat\u00f3 finansz\u00edroz\u00e1si lehet\u0151s\u00e9geket biztos\u00edtson a legkisebb hazai v\u00e1llalkoz\u00e1sok sz\u00e1m\u00e1ra.<\/p><p>A meg\u00fajult igazgat\u00f3s\u00e1g szakmai felk\u00e9sz\u00fclts\u00e9ge, piaci tapasztalata megalapozhatja a KAVOSZ V\u00e1llalkoz\u00e1sfejleszt\u00e9si Zrt. k\u00f6vetkez\u0151 id\u0151szak\u00e1nak fejl\u0151d\u00e9s\u00e9t \u00e9s eredm\u00e9nyess\u00e9g\u00e9t.<\/p><p>Tov\u00e1bbi sikeres \u00e9s \u00e9rt\u00e9kteremt\u0151 munk\u00e1t k\u00edv\u00e1nunk az \u00faj vezet\u00e9snek!<\/p><p align=\"justify\">\u00a0<\/p>\t\t\t\t\t\t\t\t<\/div>\n\t\t\t\t<\/div>\n\t\t\t\t\t<\/div>\n\t\t\t\t<\/div>\n\t\t\t\t<\/div>\n\t\t","protected":false},"excerpt":{"rendered":"<p>Bemutatkoz\u00e1s A KAVOSZ V\u00e1llalkoz\u00e1sfejleszt\u00e9si Zrt. 2010 elej\u00e9n j\u00f6tt l\u00e9tre, c\u00e9g\u00fcnk f\u0151 tev\u00e9kenys\u00e9ge hitel- \u00e9s p\u00e9nzk\u00f6lcs\u00f6n ny\u00fajt\u00e1sa a kisv\u00e1llalati, ezen bel\u00fcl is a mikrov\u00e1llalati \u00fcgyf\u00e9lk\u00f6r sz\u00e1m\u00e1ra, azzal az alapvet\u0151 c\u00e9llal, hogy a lehet\u0151 legt\u00f6bb, banki m\u00f3dszerekkel nem, vagy nem megfelel\u0151en finansz\u00edrozott hazai mikrov\u00e1llalkoz\u00e1s hitelhez jut\u00e1si lehet\u0151s\u00e9gein jav\u00edtson, kedvezm\u00e9nyes, Eur\u00f3pai Uni\u00f3s forr\u00e1s\u00fa t\u00e1mogatott finansz\u00edroz\u00e1si lehet\u0151s\u00e9gek biztos\u00edt\u00e1s\u00e1val. Ez [&hellip;]<\/p>\n","protected":false},"author":1,"featured_media":0,"parent":0,"menu_order":0,"comment_status":"closed","ping_status":"open","template":"","meta":{"footnotes":""},"class_list":["post-2","page","type-page","status-publish","hentry"],"rttpg_featured_image_url":null,"rttpg_author":{"display_name":"kvf@dmin","author_link":"https:\/\/www.kavoszvf.hu\/?author=1"},"rttpg_comment":0,"rttpg_category":null,"rttpg_excerpt":"Bemutatkoz\u00e1s A KAVOSZ V\u00e1llalkoz\u00e1sfejleszt\u00e9si Zrt. 2010 elej\u00e9n j\u00f6tt l\u00e9tre, c\u00e9g\u00fcnk f\u0151 tev\u00e9kenys\u00e9ge hitel- \u00e9s p\u00e9nzk\u00f6lcs\u00f6n ny\u00fajt\u00e1sa a kisv\u00e1llalati, ezen bel\u00fcl is a mikrov\u00e1llalati \u00fcgyf\u00e9lk\u00f6r sz\u00e1m\u00e1ra, azzal az alapvet\u0151 c\u00e9llal, hogy a lehet\u0151 legt\u00f6bb, banki m\u00f3dszerekkel nem, vagy nem megfelel\u0151en finansz\u00edrozott hazai mikrov\u00e1llalkoz\u00e1s hitelhez jut\u00e1si lehet\u0151s\u00e9gein jav\u00edtson, kedvezm\u00e9nyes, Eur\u00f3pai Uni\u00f3s forr\u00e1s\u00fa t\u00e1mogatott finansz\u00edroz\u00e1si lehet\u0151s\u00e9gek biztos\u00edt\u00e1s\u00e1val. Ez&hellip;","_links":{"self":[{"href":"https:\/\/www.kavoszvf.hu\/index.php?rest_route=\/wp\/v2\/pages\/2","targetHints":{"allow":["GET"]}}],"collection":[{"href":"https:\/\/www.kavoszvf.hu\/index.php?rest_route=\/wp\/v2\/pages"}],"about":[{"href":"https:\/\/www.kavoszvf.hu\/index.php?rest_route=\/wp\/v2\/types\/page"}],"author":[{"embeddable":true,"href":"https:\/\/www.kavoszvf.hu\/index.php?rest_route=\/wp\/v2\/users\/1"}],"replies":[{"embeddable":true,"href":"https:\/\/www.kavoszvf.hu\/index.php?rest_route=%2Fwp%2Fv2%2Fcomments&post=2"}],"version-history":[{"count":52,"href":"https:\/\/www.kavoszvf.hu\/index.php?rest_route=\/wp\/v2\/pages\/2\/revisions"}],"predecessor-version":[{"id":931,"href":"https:\/\/www.kavoszvf.hu\/index.php?rest_route=\/wp\/v2\/pages\/2\/revisions\/931"}],"wp:attachment":[{"href":"https:\/\/www.kavoszvf.hu\/index.php?rest_route=%2Fwp%2Fv2%2Fmedia&parent=2"}],"curies":[{"name":"wp","href":"https:\/\/api.w.org\/{rel}","templated":true}]}}