{"id":23,"date":"2025-01-09T16:31:02","date_gmt":"2025-01-09T15:31:02","guid":{"rendered":"https:\/\/www.kavoszvf.hu\/?page_id=23"},"modified":"2025-10-30T12:41:45","modified_gmt":"2025-10-30T11:41:45","slug":"elementor-23","status":"publish","type":"page","link":"https:\/\/www.kavoszvf.hu\/?page_id=23","title":{"rendered":"Sz\u00e9chenyi Mikrohitel Konstrukci\u00f3"},"content":{"rendered":"\t\t<div data-elementor-type=\"wp-post\" data-elementor-id=\"23\" class=\"elementor elementor-23\">\n\t\t\t\t<div class=\"elementor-element elementor-element-0744fee e-flex e-con-boxed e-con e-parent\" data-id=\"0744fee\" data-element_type=\"container\" data-e-type=\"container\">\n\t\t\t\t\t<div class=\"e-con-inner\">\n\t\t\t\t<div class=\"elementor-element elementor-element-ec3c850 elementor-widget elementor-widget-text-editor\" data-id=\"ec3c850\" data-element_type=\"widget\" data-e-type=\"widget\" data-widget_type=\"text-editor.default\">\n\t\t\t\t<div class=\"elementor-widget-container\">\n\t\t\t\t\t\t\t\t\t<p><b>T\u00e1j\u00e9koztat\u00e1s a Sz\u00e9chenyi Mikrohitel Konstrukci\u00f3r\u00f3l<\/b><br \/><b>(a tov\u00e1bbiakban: Sz\u00e9chenyi Mikrohitel MAX+)<\/b><\/p><p>A KAVOSZ V\u00e1llalkoz\u00e1sfejleszt\u00e9si Zrt-n\u00e9l tov\u00e1bbra is el\u00e9rhet\u0151 a mikro- \u00e9s kisv\u00e1llalkoz\u00e1sok beruh\u00e1z\u00e1si hitelig\u00e9nyeinek finansz\u00edroz\u00e1s\u00e1t seg\u00edt\u0151 legfeljebb 10 \u00e9ves futamidej\u0171, max. 150 MFt \u00f6sszeg\u0171*, teljes futamid\u0151 alatt fix kamatoz\u00e1s\u00fa Sz\u00e9chenyi Mikrohitel MAX+, amely konstrukci\u00f3 a kamat- \u00e9s kezel\u00e9si k\u00f6lts\u00e9gt\u00e1mogat\u00e1s k\u00f6vetkezt\u00e9ben \u00e9vi nett\u00f3 3 %-os kamatszint \u00e9s \u00e9vi nett\u00f3 0 %-os m\u00e9rt\u00e9k\u0171 kezel\u00e9si k\u00f6lts\u00e9g mellett ig\u00e9nyelhet\u0151. A Sz\u00e9chenyi Mikrohitel MAX+ r\u00e9szletes felt\u00e9telrendszer\u00e9t, a t\u00e1mogat\u00e1sra \u00e9s a kond\u00edci\u00f3kra\/k\u00f6lts\u00e9gekre vonatkoz\u00f3 r\u00e9szletes szab\u00e1lyokat a \u201eSz\u00e9chenyi Mikrohitel Konstrukci\u00f3\u201d men\u00fcpontb\u00f3l let\u00f6lthet\u0151 a KAVOSZ Zrt. Sz\u00e9chenyi Mikrohitel Konstrukci\u00f3 Szab\u00e1lyzata, tov\u00e1bb\u00e1 t\u00e1rsas\u00e1gunk egy\u00e9b, a konstrukci\u00f3ra vonatkoz\u00f3 dokumentumai (pl. \u00c1SZF, Hirdetm\u00e9ny) tartalmazz\u00e1k.<\/p><p><i>*egy teljes lez\u00e1rt \u00fczleti \u00e9vvel nem rendelkez\u0151 (kezd\u0151) v\u00e1llalkoz\u00e1sok eset\u00e9n maximum 50 milli\u00f3 Ft, azzal, hogy az ig\u00e9nyelt, ill. fenn\u00e1ll\u00f3 (leszerz\u0151d\u00f6tt) hitel\u00fcgyleteinek egy\u00fcttes ig\u00e9nyelt \/ j\u00f3v\u00e1hagyott, illetve szerz\u0151d\u00f6tt \u00f6sszege nem haladhatja meg egy v\u00e1llalkoz\u00e1s vonatkoz\u00e1s\u00e1ban a 200 milli\u00f3 forintot, egy teljes lez\u00e1rt \u00fczleti \u00e9vvel nem rendelkez\u0151 (kezd\u0151) v\u00e1llalkoz\u00e1sok eset\u00e9n a 100 milli\u00f3 forintot, valamint kapcsol\u00f3d\u00f3 \u00e9s partner v\u00e1llalkoz\u00e1saival egy\u00fctt a 300 milli\u00f3 forintot.<\/i><\/p>\t\t\t\t\t\t\t\t<\/div>\n\t\t\t\t<\/div>\n\t\t\t\t\t<\/div>\n\t\t\t\t<\/div>\n\t\t\t\t<\/div>\n\t\t","protected":false},"excerpt":{"rendered":"<p>T\u00e1j\u00e9koztat\u00e1s a Sz\u00e9chenyi Mikrohitel Konstrukci\u00f3r\u00f3l(a tov\u00e1bbiakban: Sz\u00e9chenyi Mikrohitel MAX+) A KAVOSZ V\u00e1llalkoz\u00e1sfejleszt\u00e9si Zrt-n\u00e9l tov\u00e1bbra is el\u00e9rhet\u0151 a mikro- \u00e9s kisv\u00e1llalkoz\u00e1sok beruh\u00e1z\u00e1si hitelig\u00e9nyeinek finansz\u00edroz\u00e1s\u00e1t seg\u00edt\u0151 legfeljebb 10 \u00e9ves futamidej\u0171, max. 150 MFt \u00f6sszeg\u0171*, teljes futamid\u0151 alatt fix kamatoz\u00e1s\u00fa Sz\u00e9chenyi Mikrohitel MAX+, amely konstrukci\u00f3 a kamat- \u00e9s kezel\u00e9si k\u00f6lts\u00e9gt\u00e1mogat\u00e1s k\u00f6vetkezt\u00e9ben \u00e9vi nett\u00f3 3 %-os kamatszint \u00e9s \u00e9vi [&hellip;]<\/p>\n","protected":false},"author":1,"featured_media":0,"parent":0,"menu_order":0,"comment_status":"closed","ping_status":"closed","template":"","meta":{"footnotes":""},"class_list":["post-23","page","type-page","status-publish","hentry"],"rttpg_featured_image_url":null,"rttpg_author":{"display_name":"kvf@dmin","author_link":"https:\/\/www.kavoszvf.hu\/?author=1"},"rttpg_comment":0,"rttpg_category":null,"rttpg_excerpt":"T\u00e1j\u00e9koztat\u00e1s a Sz\u00e9chenyi Mikrohitel Konstrukci\u00f3r\u00f3l(a tov\u00e1bbiakban: Sz\u00e9chenyi Mikrohitel MAX+) A KAVOSZ V\u00e1llalkoz\u00e1sfejleszt\u00e9si Zrt-n\u00e9l tov\u00e1bbra is el\u00e9rhet\u0151 a mikro- \u00e9s kisv\u00e1llalkoz\u00e1sok beruh\u00e1z\u00e1si hitelig\u00e9nyeinek finansz\u00edroz\u00e1s\u00e1t seg\u00edt\u0151 legfeljebb 10 \u00e9ves futamidej\u0171, max. 150 MFt \u00f6sszeg\u0171*, teljes futamid\u0151 alatt fix kamatoz\u00e1s\u00fa Sz\u00e9chenyi Mikrohitel MAX+, amely konstrukci\u00f3 a kamat- \u00e9s kezel\u00e9si k\u00f6lts\u00e9gt\u00e1mogat\u00e1s k\u00f6vetkezt\u00e9ben \u00e9vi nett\u00f3 3 %-os kamatszint \u00e9s \u00e9vi&hellip;","_links":{"self":[{"href":"https:\/\/www.kavoszvf.hu\/index.php?rest_route=\/wp\/v2\/pages\/23","targetHints":{"allow":["GET"]}}],"collection":[{"href":"https:\/\/www.kavoszvf.hu\/index.php?rest_route=\/wp\/v2\/pages"}],"about":[{"href":"https:\/\/www.kavoszvf.hu\/index.php?rest_route=\/wp\/v2\/types\/page"}],"author":[{"embeddable":true,"href":"https:\/\/www.kavoszvf.hu\/index.php?rest_route=\/wp\/v2\/users\/1"}],"replies":[{"embeddable":true,"href":"https:\/\/www.kavoszvf.hu\/index.php?rest_route=%2Fwp%2Fv2%2Fcomments&post=23"}],"version-history":[{"count":29,"href":"https:\/\/www.kavoszvf.hu\/index.php?rest_route=\/wp\/v2\/pages\/23\/revisions"}],"predecessor-version":[{"id":1002,"href":"https:\/\/www.kavoszvf.hu\/index.php?rest_route=\/wp\/v2\/pages\/23\/revisions\/1002"}],"wp:attachment":[{"href":"https:\/\/www.kavoszvf.hu\/index.php?rest_route=%2Fwp%2Fv2%2Fmedia&parent=23"}],"curies":[{"name":"wp","href":"https:\/\/api.w.org\/{rel}","templated":true}]}}