{"id":438,"date":"2025-01-15T12:26:41","date_gmt":"2025-01-15T11:26:41","guid":{"rendered":"https:\/\/www.kavoszvf.hu\/?page_id=438"},"modified":"2025-01-15T12:27:22","modified_gmt":"2025-01-15T11:27:22","slug":"jogi-nyilatkozat","status":"publish","type":"page","link":"https:\/\/www.kavoszvf.hu\/?page_id=438","title":{"rendered":"JOGI NYILATKOZAT"},"content":{"rendered":"\t\t<div data-elementor-type=\"wp-page\" data-elementor-id=\"438\" class=\"elementor elementor-438\">\n\t\t\t\t<div class=\"elementor-element elementor-element-035de60 e-flex e-con-boxed e-con e-parent\" data-id=\"035de60\" data-element_type=\"container\" data-e-type=\"container\">\n\t\t\t\t\t<div class=\"e-con-inner\">\n\t\t\t\t<div class=\"elementor-element elementor-element-2a6273f elementor-widget elementor-widget-text-editor\" data-id=\"2a6273f\" data-element_type=\"widget\" data-e-type=\"widget\" data-widget_type=\"text-editor.default\">\n\t\t\t\t<div class=\"elementor-widget-container\">\n\t\t\t\t\t\t\t\t\t<p><strong>A KAVOSZ V\u00e1llalkoz\u00e1sfejleszt\u00e9si Zrt. jogi nyilatkozata<\/strong><br \/><br \/>T\u00e1j\u00e9koztatjuk \u00d6nt, hogy www.kavoszvf.hu honlap a KAVOSZ V\u00e1llalkoz\u00e1sfejleszt\u00e9si Zrt. (a tov\u00e1bbiakban: T\u00e1rsas\u00e1g) honlapja.\u00a0 A honlap vagy annak b\u00e1rmely oldala megnyit\u00e1s\u00e1val \u00d6n elfogadja \u00e9s mag\u00e1ra n\u00e9zve k\u00f6telez\u0151nek ismeri el a jelen jogi nyilatkozatban foglalt felt\u00e9teleket, ez\u00e9rt k\u00e9rj\u00fck, sz\u00edveskedjen az al\u00e1bbiakat figyelmesen elolvasni!<br \/>K\u00e9rj\u00fck, hogy amennyiben nem \u00e9rt egyet a felt\u00e9telekkel, ne nyissa meg weboldalainkat!<br \/><br \/>A honlap haszn\u00e1lata:<br \/>A T\u00e1rsas\u00e1g honlapja &#8211; www.kavoszvf.hu \u2013 annak b\u00e1rmely oldala, b\u00e1rki \u00e1ltal szabadon l\u00e1togathat\u00f3, annak megnyit\u00e1shoz sem szem\u00e9lyes, sem egy\u00e9b adat, inform\u00e1ci\u00f3 megad\u00e1s\u00e1ra nincs sz\u00fcks\u00e9g.<br \/>A T\u00e1rsas\u00e1g a honlapj\u00e1n teszi k\u00f6zz\u00e9 a T\u00e1rsas\u00e1gra \u00e9s term\u00e9keire vonatkoz\u00f3 publikus inform\u00e1ci\u00f3kat, \u00edgy k\u00fcl\u00f6n\u00f6sen a T\u00e1rsas\u00e1g el\u00e9rhet\u0151s\u00e9g\u00e9re, a term\u00e9kekre vonatkoz\u00f3 t\u00e1j\u00e9koztat\u00f3kat, a publikus szab\u00e1lyzatokat, szerz\u0151d\u00e9ses felt\u00e9teleket \u00e9s kond\u00edci\u00f3kat, az ig\u00e9nyl\u00e9ssel kapcsolatos inform\u00e1ci\u00f3kat \u00e9s dokumentumokat.<br \/>A T\u00e1rsas\u00e1g honlapj\u00e1n l\u00e9v\u0151 inform\u00e1ci\u00f3k kiz\u00e1r\u00f3lag t\u00e1j\u00e9koztat\u00f3 jelleg\u0171ek, nem teljesk\u00f6r\u0171ek \u00e9s nem adnak megfelel\u0151 alapot p\u00e9nz\u00fcgyi d\u00f6nt\u00e9s (hitelig\u00e9nyl\u00e9s) meghozatal\u00e1hoz. A T\u00e1rsas\u00e1g jogosult a honlapj\u00e1t b\u00e1rmikor m\u00f3dos\u00edtani vagy el\u00e9rhet\u0151s\u00e9g\u00e9t \u00e1tmenetileg korl\u00e1tozni. A T\u00e1rsas\u00e1g nem garant\u00e1lja a honlaphoz val\u00f3 hozz\u00e1f\u00e9r\u00e9s folyamatoss\u00e1g\u00e1t \u00e9s hibamentess\u00e9g\u00e9t.<br \/>A honlap l\u00e1togat\u00e1sa, az azon l\u00e9v\u0151 inform\u00e1ci\u00f3k felhaszn\u00e1l\u00e1sa a l\u00e1togat\u00f3 saj\u00e1t felel\u0151ss\u00e9g\u00e9re t\u00f6rt\u00e9nik.<br \/><br \/>Szellemi alkot\u00e1shoz f\u0171z\u0151d\u0151 jogok:<br \/>A www.kavoszvf.hu honlap a T\u00e1rsas\u00e1g tulajdona. A honlapon \u00e9s annak oldalain tal\u00e1lhat\u00f3 minden k\u00e9pi \u00e9s sz\u00f6veges tartalom (log\u00f3k, k\u00e9pek, grafik\u00e1k, dokumentumok, adatok, inform\u00e1ci\u00f3k, megold\u00e1sok, stb.) (a tov\u00e1bbiakban: honlap tartalom), valamint azok elrendez\u00e9se szerz\u0151i jogi, illetve v\u00e9djegyoltalom alatt \u00e1llnak. A honlap tartalom b\u00e1rmilyen form\u00e1ban \u2013 a szem\u00e9lyes t\u00e1j\u00e9koz\u00f3d\u00e1s \u00e9rdek\u00e9ben t\u00f6rt\u00e9n\u0151 felhaszn\u00e1l\u00e1st meghalad\u00f3 m\u00e9rt\u00e9kben &#8211; t\u00f6rt\u00e9n\u0151 felhaszn\u00e1l\u00e1sa \u2013 ide\u00e9rtve annak terjeszt\u00e9s\u00e9t, sokszoros\u00edt\u00e1s\u00e1t, publik\u00e1ci\u00f3ban t\u00f6rt\u00e9n\u0151 szerepeltet\u00e9s\u00e9t, nyilv\u00e1noss\u00e1gra hozatal\u00e1t &#8211; kiz\u00e1r\u00f3lag a T\u00e1rsas\u00e1g kifejezett erre vonatkoz\u00f3, el\u0151zetes \u00edr\u00e1sos enged\u00e9ly\u00e9vel lehets\u00e9ges.<br \/><br \/>Felel\u0151ss\u00e9g:<br \/>A T\u00e1rsas\u00e1g weboldalain megjelen\u0151 inform\u00e1ci\u00f3k \u00e9s adatok kiz\u00e1r\u00f3lag t\u00e1j\u00e9koztat\u00e1sul szolg\u00e1lnak, azok teljess\u00e9g\u00e9\u00e9rt, pontoss\u00e1g\u00e1\u00e9rt a T\u00e1rsas\u00e1g felel\u0151ss\u00e9get nem v\u00e1llal, ez\u00e9rt k\u00e9rj\u00fck, hogy a p\u00e9nz\u00fcgyi d\u00f6nt\u00e9s meghozatala, a p\u00e9nz\u00fcgyi szolg\u00e1ltat\u00e1s ig\u00e9nybev\u00e9tel el\u0151tt mindig sz\u00edveskedjen a kapcsolatot a T\u00e1rsas\u00e1ggal felvenni a megfelel\u0151, naprak\u00e9sz \u00e9s teljesk\u00f6r\u0171 inform\u00e1ci\u00f3k megismer\u00e9se \u00e9rdek\u00e9ben.<br \/><br \/>A T\u00e1rsas\u00e1g nem v\u00e1llal felel\u0151ss\u00e9ggel azok\u00e9rt az esetlegesen bek\u00f6vetkez\u0151 k\u00e1rok\u00e9rt, vesztes\u00e9gek\u00e9rt, k\u00f6lts\u00e9gek\u00e9rt, amelyek a weboldalak haszn\u00e1lat\u00e1b\u00f3l ad\u00f3dnak \u2013 ide\u00e9rtve azok haszn\u00e1latra k\u00e9ptelen \u00e1llapot\u00e1b\u00f3l, nem megfelel\u0151 m\u0171k\u00f6d\u00e9s\u00e9b\u0151l, \u00fczemzavar\u00e1b\u00f3l, az adatok b\u00e1rki \u00e1ltal t\u00f6rt\u00e9n\u0151 illet\u00e9ktelen megv\u00e1ltoztat\u00e1s\u00e1b\u00f3l, sz\u00e1m\u00edt\u00f3g\u00e9pes v\u00edrusb\u00f3l, vonal- vagy rendszerhib\u00e1b\u00f3l, vagy m\u00e1s hasonl\u00f3 okb\u00f3l sz\u00e1rmaznak.<br \/><br \/>Adatkezel\u00e9s:<br \/>A honlapon vagy egy\u00e9b hivatalos dokumentumokon felt\u00fcntetett e-mail c\u00edm felhaszn\u00e1l\u00e1s\u00e1val megadott szem\u00e9lyes adatokat (az \u00e9rintettel kapcsolatba hozhat\u00f3 adat &#8211; k\u00fcl\u00f6n\u00f6sen az \u00e9rintett neve, azonos\u00edt\u00f3 jele, valamint egy vagy t\u00f6bb fizikai, fiziol\u00f3giai, ment\u00e1lis, gazdas\u00e1gi, kultur\u00e1lis vagy szoci\u00e1lis azonoss\u00e1g\u00e1ra jellemz\u0151 ismeret -, valamint az adatb\u00f3l levonhat\u00f3, az \u00e9rintettre vonatkoz\u00f3 k\u00f6vetkeztet\u00e9s) a T\u00e1rsas\u00e1g az inform\u00e1ci\u00f3s \u00f6nrendelkez\u00e9si jogr\u00f3l \u00e9s az inform\u00e1ci\u00f3 szabads\u00e1gr\u00f3l sz\u00f3l\u00f3 2011. \u00e9vi CXII. t\u00f6rv\u00e9ny rendelkez\u00e9seit betartva kezeli.<br \/><br \/>Amennyiben a T\u00e1rsas\u00e1g honlapj\u00e1n vagy egy\u00e9b hivatalos dokumentumaim felt\u00fcntetett e-mail c\u00edmet felhaszn\u00e1lva \u00d6n szem\u00e9lyes adatokat juttat el a T\u00e1rsas\u00e1ghoz, \u00fagy hozz\u00e1j\u00e1rul\u00e1s\u00e1t adja ahhoz, hogy a megadott adato(ka)t a T\u00e1rsas\u00e1g az adatk\u00f6zl\u00e9shez kapcsol\u00f3d\u00f3 \u00fcgylettel \u00f6sszef\u00fcgg\u0151 c\u00e9lb\u00f3l \u00e9s ideig kezelje. A szem\u00e9lyes adatok megad\u00e1sa \u00f6nk\u00e9ntes. A T\u00e1rsas\u00e1g az \u00d6n \u00e1ltal, a fentiek szerint megadott szem\u00e9lyes adatokat a T\u00e1rsas\u00e1g \u00dczletszab\u00e1lyzat\u00e1ban \u00e9s adatkezel\u00e9sre vonatkoz\u00f3 t\u00e1j\u00e9koztat\u00f3j\u00e1ban foglaltak szerint kezeli.<br \/><br \/>A T\u00e1rsas\u00e1g adatai:<br \/><br \/>N\u00e9v: KAVOSZ V\u00e1llalkoz\u00e1sfejleszt\u00e9si Z\u00e1rtk\u00f6r\u0171en M\u0171k\u00f6d\u0151 R\u00e9szv\u00e9nyt\u00e1rsas\u00e1g<br \/>R\u00f6vid\u00edtett elnevez\u00e9s: KAVOSZ V\u00e1llalkoz\u00e1sfejleszt\u00e9si Zrt.<br \/>Sz\u00e9khely: 1062 Budapest, V\u00e1ci \u00fat 1-3. A torony. \u00e9p. 1. em.<br \/>C\u00e9gjegyz\u00e9ksz\u00e1m: Cg. 01-10-046565<br \/>Telefon: 06 1 302 0866<br \/>Fax: 06 1 302 0847<br \/>E-mail:\u00a0<span id=\"cloak98429bb2afd55d0039cbeaab3de39ef5\"><a href=\"mailto:info@kavoszvf.hu\">info@kavoszvf.hu<\/a><\/span><br \/>Tev\u00e9kenys\u00e9gi enged\u00e9ly sz\u00e1ma: EN-I\/M-953\/2009 \/2009.december 16.\/<br \/>Fel\u00fcgyeleti hat\u00f3s\u00e1g: P\u00e9nz\u00fcgyi Szervezetek \u00c1llami Fel\u00fcgyelete<\/p>\t\t\t\t\t\t\t\t<\/div>\n\t\t\t\t<\/div>\n\t\t\t\t\t<\/div>\n\t\t\t\t<\/div>\n\t\t\t\t<\/div>\n\t\t","protected":false},"excerpt":{"rendered":"<p>A KAVOSZ V\u00e1llalkoz\u00e1sfejleszt\u00e9si Zrt. jogi nyilatkozata T\u00e1j\u00e9koztatjuk \u00d6nt, hogy www.kavoszvf.hu honlap a KAVOSZ V\u00e1llalkoz\u00e1sfejleszt\u00e9si Zrt. (a tov\u00e1bbiakban: T\u00e1rsas\u00e1g) honlapja.\u00a0 A honlap vagy annak b\u00e1rmely oldala megnyit\u00e1s\u00e1val \u00d6n elfogadja \u00e9s mag\u00e1ra n\u00e9zve k\u00f6telez\u0151nek ismeri el a jelen jogi nyilatkozatban foglalt felt\u00e9teleket, ez\u00e9rt k\u00e9rj\u00fck, sz\u00edveskedjen az al\u00e1bbiakat figyelmesen elolvasni!K\u00e9rj\u00fck, hogy amennyiben nem \u00e9rt egyet a felt\u00e9telekkel, ne [&hellip;]<\/p>\n","protected":false},"author":1,"featured_media":0,"parent":0,"menu_order":0,"comment_status":"closed","ping_status":"closed","template":"","meta":{"footnotes":""},"class_list":["post-438","page","type-page","status-publish","hentry"],"rttpg_featured_image_url":null,"rttpg_author":{"display_name":"kvf@dmin","author_link":"https:\/\/www.kavoszvf.hu\/?author=1"},"rttpg_comment":0,"rttpg_category":null,"rttpg_excerpt":"A KAVOSZ V\u00e1llalkoz\u00e1sfejleszt\u00e9si Zrt. jogi nyilatkozata T\u00e1j\u00e9koztatjuk \u00d6nt, hogy www.kavoszvf.hu honlap a KAVOSZ V\u00e1llalkoz\u00e1sfejleszt\u00e9si Zrt. (a tov\u00e1bbiakban: T\u00e1rsas\u00e1g) honlapja.\u00a0 A honlap vagy annak b\u00e1rmely oldala megnyit\u00e1s\u00e1val \u00d6n elfogadja \u00e9s mag\u00e1ra n\u00e9zve k\u00f6telez\u0151nek ismeri el a jelen jogi nyilatkozatban foglalt felt\u00e9teleket, ez\u00e9rt k\u00e9rj\u00fck, sz\u00edveskedjen az al\u00e1bbiakat figyelmesen elolvasni!K\u00e9rj\u00fck, hogy amennyiben nem \u00e9rt egyet a felt\u00e9telekkel, ne&hellip;","_links":{"self":[{"href":"https:\/\/www.kavoszvf.hu\/index.php?rest_route=\/wp\/v2\/pages\/438","targetHints":{"allow":["GET"]}}],"collection":[{"href":"https:\/\/www.kavoszvf.hu\/index.php?rest_route=\/wp\/v2\/pages"}],"about":[{"href":"https:\/\/www.kavoszvf.hu\/index.php?rest_route=\/wp\/v2\/types\/page"}],"author":[{"embeddable":true,"href":"https:\/\/www.kavoszvf.hu\/index.php?rest_route=\/wp\/v2\/users\/1"}],"replies":[{"embeddable":true,"href":"https:\/\/www.kavoszvf.hu\/index.php?rest_route=%2Fwp%2Fv2%2Fcomments&post=438"}],"version-history":[{"count":4,"href":"https:\/\/www.kavoszvf.hu\/index.php?rest_route=\/wp\/v2\/pages\/438\/revisions"}],"predecessor-version":[{"id":442,"href":"https:\/\/www.kavoszvf.hu\/index.php?rest_route=\/wp\/v2\/pages\/438\/revisions\/442"}],"wp:attachment":[{"href":"https:\/\/www.kavoszvf.hu\/index.php?rest_route=%2Fwp%2Fv2%2Fmedia&parent=438"}],"curies":[{"name":"wp","href":"https:\/\/api.w.org\/{rel}","templated":true}]}}