{"id":447,"date":"2025-01-15T12:32:31","date_gmt":"2025-01-15T11:32:31","guid":{"rendered":"https:\/\/www.kavoszvf.hu\/?page_id=447"},"modified":"2025-01-15T12:32:54","modified_gmt":"2025-01-15T11:32:54","slug":"kapcsolat","status":"publish","type":"page","link":"https:\/\/www.kavoszvf.hu\/?page_id=447","title":{"rendered":"KAPCSOLAT"},"content":{"rendered":"\t\t<div data-elementor-type=\"wp-page\" data-elementor-id=\"447\" class=\"elementor elementor-447\">\n\t\t\t\t<div class=\"elementor-element elementor-element-08ed687 e-flex e-con-boxed e-con e-parent\" data-id=\"08ed687\" data-element_type=\"container\" data-e-type=\"container\">\n\t\t\t\t\t<div class=\"e-con-inner\">\n\t\t\t\t<div class=\"elementor-element elementor-element-e8e107e elementor-widget elementor-widget-text-editor\" data-id=\"e8e107e\" data-element_type=\"widget\" data-e-type=\"widget\" data-widget_type=\"text-editor.default\">\n\t\t\t\t<div class=\"elementor-widget-container\">\n\t\t\t\t\t\t\t\t\t<h2>Kapcsolat<br \/>\u00a0<\/h2><p><strong>A KAVOSZ V\u00e1llalkoz\u00e1sfejleszt\u00e9si Zrt. el\u00e9rhet\u0151s\u00e9ge:<\/strong><\/p><p>1062 Budapest, V\u00e1ci \u00fat 1-3.<br \/>WestEnd Irodah\u00e1z \u201cA\u201d Torony, 1. emelet<\/p><p>GPS Koordin\u00e1ta: 47.514280,19.059000<br \/>E-mail:\u00a0<span id=\"cloak425f976dea81432cdb5d54aa4e518e44\"><a href=\"mailto:info@kavoszvf.hu\">info@kavoszvf.hu<\/a><\/span><br \/>Tel: 06 (1) 302 0866<br \/>Fax: 06 (1) 302 0847<\/p><p><iframe src=\"https:\/\/www.google.com\/maps\/embed?pb=!1m18!1m12!1m3!1d2694.7747379701477!2d19.059229999999992!3d47.513778!2m3!1f0!2f0!3f0!3m2!1i1024!2i768!4f13.1!3m3!1m2!1s0x4741dc0b680cfa1f%3A0xa8fd4550e6a898c1!2s!5e0!3m2!1shu!2shu!4v1412770563518\" width=\"640\" height=\"480\" frameborder=\"0\" data-mce-fragment=\"1\"><\/iframe><\/p>\t\t\t\t\t\t\t\t<\/div>\n\t\t\t\t<\/div>\n\t\t\t\t\t<\/div>\n\t\t\t\t<\/div>\n\t\t\t\t<\/div>\n\t\t","protected":false},"excerpt":{"rendered":"<p>Kapcsolat\u00a0 A KAVOSZ V\u00e1llalkoz\u00e1sfejleszt\u00e9si Zrt. el\u00e9rhet\u0151s\u00e9ge: 1062 Budapest, V\u00e1ci \u00fat 1-3.WestEnd Irodah\u00e1z \u201cA\u201d Torony, 1. emelet GPS Koordin\u00e1ta: 47.514280,19.059000E-mail:\u00a0info@kavoszvf.huTel: 06 (1) 302 0866Fax: 06 (1) 302 0847<\/p>\n","protected":false},"author":1,"featured_media":0,"parent":0,"menu_order":0,"comment_status":"closed","ping_status":"closed","template":"","meta":{"footnotes":""},"class_list":["post-447","page","type-page","status-publish","hentry"],"rttpg_featured_image_url":null,"rttpg_author":{"display_name":"kvf@dmin","author_link":"https:\/\/www.kavoszvf.hu\/?author=1"},"rttpg_comment":0,"rttpg_category":null,"rttpg_excerpt":"Kapcsolat\u00a0 A KAVOSZ V\u00e1llalkoz\u00e1sfejleszt\u00e9si Zrt. el\u00e9rhet\u0151s\u00e9ge: 1062 Budapest, V\u00e1ci \u00fat 1-3.WestEnd Irodah\u00e1z \u201cA\u201d Torony, 1. emelet GPS Koordin\u00e1ta: 47.514280,19.059000E-mail:\u00a0info@kavoszvf.huTel: 06 (1) 302 0866Fax: 06 (1) 302 0847","_links":{"self":[{"href":"https:\/\/www.kavoszvf.hu\/index.php?rest_route=\/wp\/v2\/pages\/447","targetHints":{"allow":["GET"]}}],"collection":[{"href":"https:\/\/www.kavoszvf.hu\/index.php?rest_route=\/wp\/v2\/pages"}],"about":[{"href":"https:\/\/www.kavoszvf.hu\/index.php?rest_route=\/wp\/v2\/types\/page"}],"author":[{"embeddable":true,"href":"https:\/\/www.kavoszvf.hu\/index.php?rest_route=\/wp\/v2\/users\/1"}],"replies":[{"embeddable":true,"href":"https:\/\/www.kavoszvf.hu\/index.php?rest_route=%2Fwp%2Fv2%2Fcomments&post=447"}],"version-history":[{"count":4,"href":"https:\/\/www.kavoszvf.hu\/index.php?rest_route=\/wp\/v2\/pages\/447\/revisions"}],"predecessor-version":[{"id":451,"href":"https:\/\/www.kavoszvf.hu\/index.php?rest_route=\/wp\/v2\/pages\/447\/revisions\/451"}],"wp:attachment":[{"href":"https:\/\/www.kavoszvf.hu\/index.php?rest_route=%2Fwp%2Fv2%2Fmedia&parent=447"}],"curies":[{"name":"wp","href":"https:\/\/api.w.org\/{rel}","templated":true}]}}