{"id":492,"date":"2025-01-15T13:12:38","date_gmt":"2025-01-15T12:12:38","guid":{"rendered":"https:\/\/www.kavoszvf.hu\/?page_id=492"},"modified":"2025-01-15T13:18:31","modified_gmt":"2025-01-15T12:18:31","slug":"mfb-penzugyi-vallalkozas-refinanszirozasi-konstrukcio-lejart","status":"publish","type":"page","link":"https:\/\/www.kavoszvf.hu\/?page_id=492","title":{"rendered":"MFB P\u00e9nz\u00fcgyi V\u00e1llalkoz\u00e1s Refinansz\u00edroz\u00e1si Konstrukci\u00f3 &#8211; LEJ\u00c1RT"},"content":{"rendered":"\t\t<div data-elementor-type=\"wp-page\" data-elementor-id=\"492\" class=\"elementor elementor-492\">\n\t\t\t\t<div class=\"elementor-element elementor-element-e554c41 e-flex e-con-boxed e-con e-parent\" data-id=\"e554c41\" data-element_type=\"container\" data-e-type=\"container\">\n\t\t\t\t\t<div class=\"e-con-inner\">\n\t\t\t\t<div class=\"elementor-element elementor-element-38014d0 elementor-widget elementor-widget-text-editor\" data-id=\"38014d0\" data-element_type=\"widget\" data-e-type=\"widget\" data-widget_type=\"text-editor.default\">\n\t\t\t\t<div class=\"elementor-widget-container\">\n\t\t\t\t\t\t\t\t\t<h1 style=\"color: #430e0f;\">MFB P\u00e9nz\u00fcgyi V\u00e1llalkoz\u00e1s Refinansz\u00edroz\u00e1si Konstrukci\u00f3 &#8211; LEJ\u00c1RT<\/h1>\n<div>\n<p style=\"text-align: center;\"><span style=\"color: #ff0000;\"><strong>Tisztelt \u00c9rdekl\u0151d\u0151k!<\/strong><\/span><\/p>\n<p style=\"text-align: center;\">\n<\/p><p style=\"text-align: center;\"><span style=\"color: #ff0000;\">T\u00e1j\u00e9koztatjuk, hogy az<\/span><\/p>\n<p style=\"text-align: center;\">\n<\/p><p style=\"text-align: center;\"><span style=\"color: #ff0000;\">MFB V\u00e1llalkoz\u00e1sfinansz\u00edroz\u00e1si Program 2020 MFB P\u00e9nz\u00fcgyi V\u00e1llalkoz\u00e1s Refinansz\u00edroz\u00e1si Konstrukci\u00f3<\/span><\/p>\n<p style=\"text-align: center;\"><span style=\"color: #ff0000;\">ig\u00e9nybev\u00e9teli hat\u00e1rideje lej\u00e1rt,<\/span><\/p>\n<p style=\"text-align: center;\">\n<\/p><p style=\"text-align: center;\"><span style=\"color: #ff0000;\">jelenleg nincs lehet\u0151s\u00e9g hitelk\u00e9relmek beny\u00fajt\u00e1s\u00e1ra.<\/span><\/p><p style=\"text-align: center;\"><span style=\"color: #ff0000;\"><br><\/span><\/p><p style=\"text-align: center;\"><span style=\"color: #ff0000;\"><br><\/span><\/p>\n<\/div>\t\t\t\t\t\t\t\t<\/div>\n\t\t\t\t<\/div>\n\t\t\t\t\t<\/div>\n\t\t\t\t<\/div>\n\t\t\t\t<\/div>\n\t\t","protected":false},"excerpt":{"rendered":"<p>MFB P\u00e9nz\u00fcgyi V\u00e1llalkoz\u00e1s Refinansz\u00edroz\u00e1si Konstrukci\u00f3 &#8211; LEJ\u00c1RT Tisztelt \u00c9rdekl\u0151d\u0151k! T\u00e1j\u00e9koztatjuk, hogy az MFB V\u00e1llalkoz\u00e1sfinansz\u00edroz\u00e1si Program 2020 MFB P\u00e9nz\u00fcgyi V\u00e1llalkoz\u00e1s Refinansz\u00edroz\u00e1si Konstrukci\u00f3 ig\u00e9nybev\u00e9teli hat\u00e1rideje lej\u00e1rt, jelenleg nincs lehet\u0151s\u00e9g hitelk\u00e9relmek beny\u00fajt\u00e1s\u00e1ra.<\/p>\n","protected":false},"author":1,"featured_media":0,"parent":0,"menu_order":0,"comment_status":"closed","ping_status":"closed","template":"","meta":{"footnotes":""},"class_list":["post-492","page","type-page","status-publish","hentry"],"rttpg_featured_image_url":null,"rttpg_author":{"display_name":"kvf@dmin","author_link":"https:\/\/www.kavoszvf.hu\/?author=1"},"rttpg_comment":0,"rttpg_category":null,"rttpg_excerpt":"MFB P\u00e9nz\u00fcgyi V\u00e1llalkoz\u00e1s Refinansz\u00edroz\u00e1si Konstrukci\u00f3 &#8211; LEJ\u00c1RT Tisztelt \u00c9rdekl\u0151d\u0151k! T\u00e1j\u00e9koztatjuk, hogy az MFB V\u00e1llalkoz\u00e1sfinansz\u00edroz\u00e1si Program 2020 MFB P\u00e9nz\u00fcgyi V\u00e1llalkoz\u00e1s Refinansz\u00edroz\u00e1si Konstrukci\u00f3 ig\u00e9nybev\u00e9teli hat\u00e1rideje lej\u00e1rt, jelenleg nincs lehet\u0151s\u00e9g hitelk\u00e9relmek beny\u00fajt\u00e1s\u00e1ra.","_links":{"self":[{"href":"https:\/\/www.kavoszvf.hu\/index.php?rest_route=\/wp\/v2\/pages\/492","targetHints":{"allow":["GET"]}}],"collection":[{"href":"https:\/\/www.kavoszvf.hu\/index.php?rest_route=\/wp\/v2\/pages"}],"about":[{"href":"https:\/\/www.kavoszvf.hu\/index.php?rest_route=\/wp\/v2\/types\/page"}],"author":[{"embeddable":true,"href":"https:\/\/www.kavoszvf.hu\/index.php?rest_route=\/wp\/v2\/users\/1"}],"replies":[{"embeddable":true,"href":"https:\/\/www.kavoszvf.hu\/index.php?rest_route=%2Fwp%2Fv2%2Fcomments&post=492"}],"version-history":[{"count":7,"href":"https:\/\/www.kavoszvf.hu\/index.php?rest_route=\/wp\/v2\/pages\/492\/revisions"}],"predecessor-version":[{"id":502,"href":"https:\/\/www.kavoszvf.hu\/index.php?rest_route=\/wp\/v2\/pages\/492\/revisions\/502"}],"wp:attachment":[{"href":"https:\/\/www.kavoszvf.hu\/index.php?rest_route=%2Fwp%2Fv2%2Fmedia&parent=492"}],"curies":[{"name":"wp","href":"https:\/\/api.w.org\/{rel}","templated":true}]}}